{"id":405,"date":"2017-01-26T10:40:04","date_gmt":"2017-01-26T10:40:04","guid":{"rendered":"https:\/\/motors.stylemixthemes.com\/?page_id=405"},"modified":"2025-12-24T08:57:52","modified_gmt":"2025-12-24T08:57:52","slug":"location-voiture-ouarzazate-benssou-car","status":"publish","type":"page","link":"https:\/\/benssoucar.agency\/es\/location-voiture-ouarzazate-benssou-car\/","title":{"rendered":"Sobre nosotros"},"content":{"rendered":"<div data-elementor-type=\"wp-page\" data-elementor-id=\"405\" class=\"elementor elementor-405\">\n\t\t\t\t\t\t<section class=\"elementor-section elementor-top-section elementor-element elementor-element-f596a7f elementor-section-boxed elementor-section-height-default elementor-section-height-default\" data-id=\"f596a7f\" data-element_type=\"section\" data-e-type=\"section\">\n\t\t\t\t\t\t<div class=\"elementor-container elementor-column-gap-default\">\n\t\t\t\t\t<div class=\"elementor-column elementor-col-100 elementor-top-column elementor-element elementor-element-d22714d\" data-id=\"d22714d\" data-element_type=\"column\" data-e-type=\"column\">\n\t\t\t<div class=\"elementor-widget-wrap elementor-element-populated\">\n\t\t\t\t\t\t<div class=\"elementor-element elementor-element-70fc661 elementor-widget elementor-widget-heading\" data-id=\"70fc661\" data-element_type=\"widget\" data-e-type=\"widget\" data-widget_type=\"heading.default\">\n\t\t\t\t\t<span class=\"elementor-heading-title elementor-size-default\"><p><strong>BENSSOU CAR Ouarzazate<\/strong> est sp\u00e9cialis\u00e9e en <strong>Alquiler de coches Ouarzazate<\/strong> et <strong>voiture de location Maroc<\/strong>, proposant <strong>location SUV d\u00e9sert<\/strong> et <strong>voiture familiale Ouarzazate<\/strong> pour tous vos besoins de d\u00e9placement.<\/p>\n<\/span>\t\t\t\t<\/div>\n\t\t\t\t<div class=\"elementor-element elementor-element-3f17609 elementor-widget elementor-widget-text-editor\" data-id=\"3f17609\" data-element_type=\"widget\" data-e-type=\"widget\" data-widget_type=\"text-editor.default\">\n\t\t\t\t\t\t\t\t\t<h1>Alquiler de coches Ouarzazate con BENSSOU <span style=\"color: #ff0000;\">CAR<\/span><\/h1> <!-- Table of Contents --> <ul> <li><a href=\"#apropos\">Acerca de BENSSOU CAR<\/a><\/li> <li><a href=\"#services\">Nuestros servicios<\/a><\/li> <li><a href=\"#avantages\">Por qu\u00e9 elegir BENSSOU CAR<\/a><\/li> <\/ul> <h2 id=\"apropos\">Alquiler de coches Ouarzazate \u2013 Acerca de BENSSOU CAR<\/h2> <strong>Alquiler de coches Ouarzazate<\/strong> BENSSOU CAR es la soluci\u00f3n ideal para descubrir Ouarzazate y sus alrededores con total libertad y comodidad. Ya sea que est\u00e9 en un viaje tur\u00edstico, de negocios o en familia, le ofrecemos un servicio r\u00e1pido, simple y seguro para el alquiler de su veh\u00edculo. Desde su llegada, nuestro equipo lo recibe y lo gu\u00eda para elegir el veh\u00edculo m\u00e1s adecuado a sus necesidades, ya sea para explorar la ciudad, las kasbahs circundantes o el desierto del Sahara. <h2 id=\"services\">Nuestros servicios de alquiler de coches en Ouarzazate<\/h2> BENSSOU CAR se distingue por la calidad y fiabilidad de sus veh\u00edculos. Ofrecemos una amplia gama de coches, desde modelos econ\u00f3micos y compactos para la ciudad, hasta SUV y 4\u00d74 adaptados a terrenos dif\u00edciles. Nuestros veh\u00edculos se mantienen regularmente para garantizar seguridad y comodidad en cada trayecto. Con nuestro servicio de <strong>Alquiler de coches Ouarzazate<\/strong>, disfruta de una experiencia sin preocupaciones donde cada detalle est\u00e1 dise\u00f1ado para facilitarle la vida. Tambi\u00e9n ofrecemos servicios complementarios que hacen su alquiler a\u00fan m\u00e1s conveniente, incluida la entrega y recogida del veh\u00edculo en el aeropuerto o su alojamiento. <h2 id=\"avantages\">Por qu\u00e9 elegir BENSSOU CAR para su alquiler de coche en Ouarzazate<\/h2> En BENSSOU CAR, el servicio al cliente es una prioridad. Nuestro equipo est\u00e1 disponible en todo momento para responder sus preguntas, asesorarle en la selecci\u00f3n del veh\u00edculo y ayudarle con sus tr\u00e1mites. Explorar Ouarzazate con BENSSOU CAR significa disfrutar de la regi\u00f3n a su propio ritmo. Visite los estudios de cine, las kasbahs hist\u00f3ricas, el desierto y los pueblos aut\u00e9nticos sin restricciones. Al elegir BENSSOU CAR para su <strong>Alquiler de coches Ouarzazate<\/strong>, se beneficia de tarifas competitivas, veh\u00edculos bien equipados y flexibilidad total. Para todas sus necesidades de <strong>Alquiler de coches Ouarzazate<\/strong>BENSSOU CAR es su socio de confianza. Alquile su coche y parta a descubrir Ouarzazate y el Sahara con total tranquilidad. <a href=\"https:\/\/benssoucar.agency\/es\/\" target=\"_blank\" rel=\"noopener\">D\u00e9couvrez nos offres<\/a>\t\t\t\t\t\t\t\t<\/div>\n\t\t\t\t<div class=\"elementor-element elementor-element-cf8ea1f elementor-widget elementor-widget-image\" data-id=\"cf8ea1f\" data-element_type=\"widget\" data-e-type=\"widget\" data-widget_type=\"image.default\">\n\t\t\t\t\t\t\t\t\t\t\t\t\t\t\t<img fetchpriority=\"high\" decoding=\"async\" width=\"1024\" height=\"682\" src=\"https:\/\/benssoucar.agency\/wp-content\/uploads\/2023\/10\/Fotolia_90052796_Subscription_Monthly_M.jpg\" class=\"attachment-large size-large wp-image-635\" alt=\"Location voiture Ouarzazate avec BENSSOU CAR\" srcset=\"https:\/\/benssoucar.agency\/wp-content\/uploads\/2023\/10\/Fotolia_90052796_Subscription_Monthly_M.jpg 1024w, https:\/\/benssoucar.agency\/wp-content\/uploads\/2023\/10\/Fotolia_90052796_Subscription_Monthly_M-600x400.jpg 600w, https:\/\/benssoucar.agency\/wp-content\/uploads\/2023\/10\/Fotolia_90052796_Subscription_Monthly_M-300x200.jpg 300w, https:\/\/benssoucar.agency\/wp-content\/uploads\/2023\/10\/Fotolia_90052796_Subscription_Monthly_M-255x170.jpg 255w, https:\/\/benssoucar.agency\/wp-content\/uploads\/2023\/10\/Fotolia_90052796_Subscription_Monthly_M-510x340.jpg 510w, https:\/\/benssoucar.agency\/wp-content\/uploads\/2023\/10\/Fotolia_90052796_Subscription_Monthly_M-280x186.jpg 280w, https:\/\/benssoucar.agency\/wp-content\/uploads\/2023\/10\/Fotolia_90052796_Subscription_Monthly_M-560x373.jpg 560w, https:\/\/benssoucar.agency\/wp-content\/uploads\/2023\/10\/Fotolia_90052796_Subscription_Monthly_M-350x233.jpg 350w, https:\/\/benssoucar.agency\/wp-content\/uploads\/2023\/10\/Fotolia_90052796_Subscription_Monthly_M-700x466.jpg 700w, https:\/\/benssoucar.agency\/wp-content\/uploads\/2023\/10\/Fotolia_90052796_Subscription_Monthly_M-398x265.jpg 398w, https:\/\/benssoucar.agency\/wp-content\/uploads\/2023\/10\/Fotolia_90052796_Subscription_Monthly_M-796x530.jpg 796w\" sizes=\"(max-width: 1024px) 100vw, 1024px\" \/>\t\t\t\t\t\t\t\t\t\t\t\t\t\t\t<\/div>\n\t\t\t\t\t<\/div>\n\t\t<\/div>\n\t\t\t\t\t<\/div>\n\t\t<\/section>\n\t\t\t\t<section class=\"elementor-section elementor-top-section elementor-element elementor-element-494ceba elementor-reverse-tablet elementor-reverse-mobile elementor-section-boxed elementor-section-height-default elementor-section-height-default\" data-id=\"494ceba\" data-element_type=\"section\" data-e-type=\"section\">\n\t\t\t\t\t\t<div class=\"elementor-container elementor-column-gap-default\">\n\t\t\t\t\t<div class=\"elementor-column elementor-col-100 elementor-top-column elementor-element elementor-element-b7535cb\" data-id=\"b7535cb\" data-element_type=\"column\" data-e-type=\"column\">\n\t\t\t<div class=\"elementor-widget-wrap elementor-element-populated\">\n\t\t\t\t\t\t<div class=\"elementor-element elementor-element-a44a657 elementor-widget elementor-widget-text-editor\" data-id=\"a44a657\" data-element_type=\"widget\" data-e-type=\"widget\" data-widget_type=\"text-editor.default\">\n\t\t\t\t\t\t\t\t\t<h2>Descubra Ouarzazate con nuestro <strong>alquiler de coches<\/strong><\/h2>\n<h3>Por qu\u00e9 elegir <strong>BENSSOU CAR<\/strong> \u2013 La soluci\u00f3n de <strong>Alquiler de coches Ouarzazate<\/strong> imprescindible<\/h3>\n<div class=\"elementor-text-editor elementor-clearfix\">\n\nElegir <strong>BENSSOU CAR<\/strong> para su <strong>Alquiler de coches Ouarzazate<\/strong> significa optar por la calidad, la seguridad y la comodidad en cada trayecto. Ya sea que est\u00e9 en un viaje tur\u00edstico, de negocios o en familia, ofrecemos una amplia gama de veh\u00edculos adaptados a todas sus necesidades. Cada viaje es \u00fanico y merece una soluci\u00f3n de movilidad fiable y pr\u00e1ctica.\n\nNuestros <strong>coches de alquiler en Ouarzazate<\/strong> est\u00e1n cuidadosamente mantenidos para garantizar fiabilidad y rendimiento. Desde veh\u00edculos econ\u00f3micos hasta potentes SUV, cada coche est\u00e1 equipado para ofrecerle una experiencia agradable y segura. Tambi\u00e9n puede elegir opciones adicionales como GPS, asientos infantiles, seguro complementario o incluso accesorios para el desierto.\n\n<em>BENSSOU CAR<\/em> se distingue por la excelencia de su servicio al cliente. Nuestro equipo profesional est\u00e1 disponible para responder todas sus preguntas y asesorarle sobre el veh\u00edculo m\u00e1s adecuado. Ya sea que desee explorar las famosas kasbahs, visitar los estudios de cine o aventurarse en el desierto, le acompa\u00f1amos en cada etapa de su estancia.\n\nAl elegir nuestra agencia para su <strong>Alquiler de coches Ouarzazate<\/strong>, se beneficia de servicios pr\u00e1cticos como la entrega y recogida del veh\u00edculo directamente en el aeropuerto o su hotel. Esta opci\u00f3n le permite comenzar su viaje inmediatamente, sin p\u00e9rdida de tiempo. La transparencia de nuestras tarifas y la simplicidad de nuestros procedimientos garantizan una experiencia fluida y agradable.\n\nCon <strong>BENSSOU CAR<\/strong>, tambi\u00e9n disfruta de una flexibilidad total. Ya sea que necesite un alquiler por unas horas, varios d\u00edas o varias semanas, adaptamos nuestras ofertas a sus necesidades. Nuestros clientes aprecian la claridad de nuestras condiciones, la calidad de nuestros veh\u00edculos y la disponibilidad de nuestro equipo.\n\nExplorar Ouarzazate con nuestro <strong>alquiler de coches<\/strong> le permite descubrir la ciudad y sus alrededores a su propio ritmo. Visite las kasbahs hist\u00f3ricas, los pueblos aut\u00e9nticos y el desierto del Sahara sin restricciones. Nuestros veh\u00edculos est\u00e1n dise\u00f1ados para todo tipo de carreteras y todas las condiciones clim\u00e1ticas, garantiz\u00e1ndole seguridad y comodidad en cada trayecto.\n\nFinalmente, <strong>BENSSOU CAR<\/strong> se compromete a hacer que cada alquiler sea memorable. Nuestro objetivo es ofrecerle una experiencia de <strong>Alquiler de coches Ouarzazate<\/strong> excepcional, combinando libertad, comodidad y seguridad. Con nosotros, cada desplazamiento se convierte en una parte inolvidable de su estancia en Marruecos.\n<p style=\"text-align: center;\"><a style=\"color: #ffffff; background-color: #f2295b; padding: 12px 25px; text-decoration: none; border-radius: 5px; font-weight: bold;\" href=\"https:\/\/wa.me\/212661241592?text=.\" target=\"_blank\" rel=\"noopener\">\nCONT\u00c1CTENOS\n<\/a><\/p>\n\n<\/div>\t\t\t\t\t\t\t\t<\/div>\n\t\t\t\t\t<\/div>\n\t\t<\/div>\n\t\t\t\t\t<\/div>\n\t\t<\/section>\n\t\t\t\t<section class=\"elementor-section elementor-top-section elementor-element elementor-element-80c96a6 elementor-section-full_width elementor-section-stretched elementor-section-height-default elementor-section-height-default\" data-id=\"80c96a6\" data-element_type=\"section\" data-e-type=\"section\" data-settings=\"{&quot;stretch_section&quot;:&quot;section-stretched&quot;,&quot;background_background&quot;:&quot;classic&quot;}\">\n\t\t\t\t\t\t<div class=\"elementor-container elementor-column-gap-default\">\n\t\t\t\t\t<div class=\"elementor-column elementor-col-100 elementor-top-column elementor-element elementor-element-bc80d08\" data-id=\"bc80d08\" data-element_type=\"column\" data-e-type=\"column\">\n\t\t\t<div class=\"elementor-widget-wrap elementor-element-populated\">\n\t\t\t\t\t\t<section class=\"elementor-section elementor-inner-section elementor-element elementor-element-8cc6936 elementor-section-boxed elementor-section-height-default elementor-section-height-default\" data-id=\"8cc6936\" data-element_type=\"section\" data-e-type=\"section\">\n\t\t\t\t\t\t<div class=\"elementor-container elementor-column-gap-default\">\n\t\t\t\t\t<div class=\"elementor-column elementor-col-100 elementor-inner-column elementor-element elementor-element-375ff40\" data-id=\"375ff40\" data-element_type=\"column\" data-e-type=\"column\">\n\t\t\t<div class=\"elementor-widget-wrap elementor-element-populated\">\n\t\t\t\t\t\t<div class=\"elementor-element elementor-element-548ab7d elementor-widget elementor-widget-heading\" data-id=\"548ab7d\" data-element_type=\"widget\" data-e-type=\"widget\" data-widget_type=\"heading.default\">\n\t\t\t\t\t<span class=\"elementor-heading-title elementor-size-default\">GALERIE M\u00c9DIA<\/span>\t\t\t\t<\/div>\n\t\t\t\t<div class=\"elementor-element elementor-element-b2670da elementor-widget elementor-widget-stm-colored-separator\" data-id=\"b2670da\" data-element_type=\"widget\" data-e-type=\"widget\" data-widget_type=\"stm-colored-separator.default\">\n\t\t\t\t<div class=\"elementor-widget-container\">\n\t\t\t\t\t<div class=\"colored-separator\" style=\"text-align: center;\">\n\t\t\t<div class=\"first-long stm-base-background-color\"><\/div>\n\t\t<div class=\"last-short stm-base-background-color\"><\/div>\n\t<\/div>\n\t\t\t\t<\/div>\n\t\t\t\t<\/div>\n\t\t\t\t<div class=\"elementor-element elementor-element-36c793a elementor-widget elementor-widget-motors-image-carousel\" data-id=\"36c793a\" data-element_type=\"widget\" data-e-type=\"widget\" data-widget_type=\"motors-image-carousel.default\">\n\t\t\t\t<div class=\"elementor-widget-container\">\n\t\t\t\t\t\t<div class=\"motors-elementor-widget stm_image_carousel swiper-container\" id=\"stm_image_carousel-79387\">\n\t\t<div class=\"swiper-wrapper\">\n\t\t\t\t\t\t\t\t<div class=\"swiper-slide\">\n\t\t\t\t\t\t\t\t\t\t\t\t\t<img decoding=\"async\" src=\"https:\/\/benssoucar.agency\/wp-content\/uploads\/2023\/10\/slide-2-270x180.jpg\" alt=\"Gallery image\">\n\t\t\t\t\t\t\t\t\t\t\t<\/div>\n\t\t\t\t\t\t\t\t\t\t<div class=\"swiper-slide\">\n\t\t\t\t\t\t\t\t\t\t\t\t\t<img decoding=\"async\" src=\"https:\/\/benssoucar.agency\/wp-content\/uploads\/2023\/10\/parallax-block-270x180.jpg\" alt=\"Gallery image\">\n\t\t\t\t\t\t\t\t\t\t\t<\/div>\n\t\t\t\t\t\t\t\t\t\t<div class=\"swiper-slide\">\n\t\t\t\t\t\t\t\t\t\t\t\t\t<img decoding=\"async\" src=\"https:\/\/benssoucar.agency\/wp-content\/uploads\/2023\/10\/parallax-block-2-270x180.jpg\" alt=\"Gallery image\">\n\t\t\t\t\t\t\t\t\t\t\t<\/div>\n\t\t\t\t\t\t\t\t\t\t<div class=\"swiper-slide\">\n\t\t\t\t\t\t\t\t\t\t\t\t\t<img decoding=\"async\" src=\"https:\/\/benssoucar.agency\/wp-content\/uploads\/2023\/10\/Fotolia_90052796_Subscription_Monthly_M-270x180.jpg\" alt=\"Gallery image\">\n\t\t\t\t\t\t\t\t\t\t\t<\/div>\n\t\t\t\t\t\t\t\t\t\t<div class=\"swiper-slide\">\n\t\t\t\t\t\t\t\t\t\t\t\t\t<img decoding=\"async\" src=\"https:\/\/benssoucar.agency\/wp-content\/uploads\/2023\/10\/Fotolia_53618826_Subscription_Monthly_M-1024x682-1-270x180.jpg\" alt=\"Gallery image\">\n\t\t\t\t\t\t\t\t\t\t\t<\/div>\n\t\t\t\t\t\t\t\t\t\t<div class=\"swiper-slide\">\n\t\t\t\t\t\t\t\t\t\t\t\t\t<img decoding=\"async\" src=\"https:\/\/benssoucar.agency\/wp-content\/uploads\/2023\/10\/image-2-924x449-1-270x180.jpg\" alt=\"Gallery image\">\n\t\t\t\t\t\t\t\t\t\t\t<\/div>\n\t\t\t\t\t\t\t<\/div>\n\n\t\t\t\t\t<div class=\"stm-swiper-controls\">\n\t\t\t\t\t\t\t\t\t<div class=\"stm-swiper-prev\"><i class=\"fas fa-angle-left\"><\/i><\/div>\n\t\t\t\t\t\t\t\t\t\t\t\t\t<div class=\"swiper-pagination\"><\/div>\n\t\t\t\t\t\t\t\t\t\t\t\t\t<div class=\"stm-swiper-next\"><i class=\"fas fa-angle-right\"><\/i><\/div>\n\t\t\t\t\t\t\t<\/div>\n\t\t\t<\/div>\n\t<script>\n\t( function( $ ) {\n\t\t\"use strict\";\n\t\t\t\t$(window).on('elementor\/frontend\/init', function() {\n\t\t\t\t\tlet swiper = new Swiper('#stm_image_carousel-79387', {\n\t\t\t\t\t\t\t\tloop: true,\n\t\t\t\t\n\t\t\t\t\t\t\t\t\tsimulateTouch: false,\n\t\t\t\t\n\t\t\t\t\n\t\t\t\t\n\t\t\t\t\t\t\t\t\tslidesPerGroup: 1,\n\t\t\t\t\n\t\t\t\tslidesPerView: 1,\n\n\t\t\t\tspaceBetween: 12,\n\n\t\t\t\tcenterInsufficientSlides: true,\n\n\t\t\t\tbreakpoints: {\n\t\t\t\t\t640: {\n\t\t\t\t\t\tslidesPerView: 3,\n\t\t\t\t\t},\n\t\t\t\t\t992: {\n\t\t\t\t\t\tslidesPerView: 4,\n\t\t\t\t\t}\n\t\t\t\t},\n\t\t\t\t\t\t\t\t\tnavigation: {\n\t\t\t\t\t\tnextEl: '.stm-swiper-next',\n\t\t\t\t\t\tprevEl: '.stm-swiper-prev',\n\t\t\t\t\t},\n\t\t\t\t\n\t\t\t\t\t\t\t\t\tpagination: {\n\t\t\t\t\t\tel: '.swiper-pagination',\n\t\t\t\t\t\tclickable: true,\n\t\t\t\t\t},\n\t\t\t\t\t\t\t});\n\n\t\t\t\t\t});\n\t\t\t} ( jQuery ) );\n\t<\/script>\n\t\t\t\t\t<\/div>\n\t\t\t\t<\/div>\n\t\t\t\t\t<\/div>\n\t\t<\/div>\n\t\t\t\t\t<\/div>\n\t\t<\/section>\n\t\t\t\t\t<\/div>\n\t\t<\/div>\n\t\t\t\t\t<\/div>\n\t\t<\/section>\n\t\t\t\t<\/div>\n\t\t\n    <div class=\"xs_social_share_widget xs_share_url after_content \t\tmain_content  wslu-style-1 wslu-share-box-shaped wslu-fill-colored wslu-none wslu-share-horizontal wslu-theme-font-no wslu-main_content\">\n\n\t\t\n        <ul>\n\t\t\t        <\/ul>\n    <\/div>","protected":false},"excerpt":{"rendered":"<p>BENSSOU CAR Ouarzazate est sp\u00e9cialis\u00e9e en Location voiture Ouarzazate et voiture de location Maroc, proposant location SUV d\u00e9sert et voiture familiale Ouarzazate pour tous vos besoins de d\u00e9placement. Location voiture Ouarzazate avec BENSSOU CAR \u00c0 propos de BENSSOU CAR Nos services Pourquoi choisir BENSSOU CAR Location voiture Ouarzazate \u2013 \u00c0 propos de BENSSOU CAR Location&#8230;<\/p>","protected":false},"author":4,"featured_media":0,"parent":0,"menu_order":0,"comment_status":"closed","ping_status":"closed","template":"","meta":{"postBodyCss":"","postBodyMargin":[],"postBodyPadding":[],"postBodyBackground":{"backgroundType":"classic","gradient":""},"footnotes":""},"class_list":["post-405","page","type-page","status-publish","hentry"],"_hostinger_reach_plugin_has_subscription_block":false,"_hostinger_reach_plugin_is_elementor":false,"_links":{"self":[{"href":"https:\/\/benssoucar.agency\/es\/wp-json\/wp\/v2\/pages\/405","targetHints":{"allow":["GET"]}}],"collection":[{"href":"https:\/\/benssoucar.agency\/es\/wp-json\/wp\/v2\/pages"}],"about":[{"href":"https:\/\/benssoucar.agency\/es\/wp-json\/wp\/v2\/types\/page"}],"author":[{"embeddable":true,"href":"https:\/\/benssoucar.agency\/es\/wp-json\/wp\/v2\/users\/4"}],"replies":[{"embeddable":true,"href":"https:\/\/benssoucar.agency\/es\/wp-json\/wp\/v2\/comments?post=405"}],"version-history":[{"count":24,"href":"https:\/\/benssoucar.agency\/es\/wp-json\/wp\/v2\/pages\/405\/revisions"}],"predecessor-version":[{"id":1505,"href":"https:\/\/benssoucar.agency\/es\/wp-json\/wp\/v2\/pages\/405\/revisions\/1505"}],"wp:attachment":[{"href":"https:\/\/benssoucar.agency\/es\/wp-json\/wp\/v2\/media?parent=405"}],"curies":[{"name":"wp","href":"https:\/\/api.w.org\/{rel}","templated":true}]}}