{"id":359,"date":"2017-01-25T05:51:36","date_gmt":"2017-01-25T05:51:36","guid":{"rendered":"https:\/\/motors.stylemixthemes.com\/?page_id=359"},"modified":"2025-12-24T09:18:50","modified_gmt":"2025-12-24T09:18:50","slug":"conditions-location-voiture-ouarzazate","status":"publish","type":"page","link":"https:\/\/benssoucar.agency\/es\/conditions-location-voiture-ouarzazate\/","title":{"rendered":"Condiciones"},"content":{"rendered":"<div data-elementor-type=\"wp-page\" data-elementor-id=\"359\" class=\"elementor elementor-359\">\n\t\t\t\t\t\t<section class=\"elementor-section elementor-top-section elementor-element elementor-element-0e553ed elementor-section-boxed elementor-section-height-default elementor-section-height-default\" data-id=\"0e553ed\" data-element_type=\"section\" data-e-type=\"section\">\n\t\t\t\t\t\t<div class=\"elementor-container elementor-column-gap-default\">\n\t\t\t\t\t<div class=\"elementor-column elementor-col-100 elementor-top-column elementor-element elementor-element-3116539\" data-id=\"3116539\" data-element_type=\"column\" data-e-type=\"column\">\n\t\t\t<div class=\"elementor-widget-wrap elementor-element-populated\">\n\t\t\t\t\t\t<div class=\"elementor-element elementor-element-744ad31 elementor-widget elementor-widget-text-editor\" data-id=\"744ad31\" data-element_type=\"widget\" data-e-type=\"widget\" data-widget_type=\"text-editor.default\">\n\t\t\t\t\t\t\t\t\t<h2>Conditions G\u00e9n\u00e9rales de Location \u2013 BENSSOU CAR<\/h2><h3>1. Introduction<\/h3><p>Bienvenue sur le site officiel de <strong>BENSSOU CAR<\/strong>. Ces Conditions G\u00e9n\u00e9rales r\u00e9gissent votre utilisation de notre site et la r\u00e9servation de v\u00e9hicules pour votre <strong>Alquiler de coches Ouarzazate<\/strong>. Pour d\u00e9couvrir nos mod\u00e8les de v\u00e9hicules et options disponibles, consultez notre <a href=\"https:\/\/benssoucar.agency\/es\/voitures\/\">page des voitures disponibles<\/a>. En acc\u00e9dant \u00e0 notre site ou en louant un v\u00e9hicule, vous acceptez toutes les conditions d\u00e9crites ci-dessous. Notre objectif est de vous offrir un service flexible et s\u00e9curis\u00e9 pour toutes vos aventures \u00e0 Ouarzazate.<\/p><h3>2. Droits de Propri\u00e9t\u00e9 Intellectuelle<\/h3><p>Tous les contenus pr\u00e9sents sur ce site appartiennent \u00e0 <strong>BENSSOU CAR<\/strong> et \u00e0 ses partenaires. Pour en savoir plus sur nos services et notre flotte, visitez notre <a href=\"https:\/\/benssoucar.agency\/es\/services\/\">page Services<\/a>. Vous disposez uniquement d\u2019une licence limit\u00e9e pour consulter et utiliser le contenu \u00e0 des fins personnelles et non commerciales. Toute utilisation non autoris\u00e9e est strictement interdite.<\/p><h3>3. Restrictions<\/h3><p>Il est interdit de :<\/p><ul><li>Publier le contenu de ce site sur d\u2019autres plateformes ;<\/li><li>Vendre ou commercialiser le contenu du site ;<\/li><li>Afficher publiquement le contenu sans autorisation ;<\/li><li>Endommager ou perturber le fonctionnement du site ;<\/li><li>Nuire \u00e0 l\u2019acc\u00e8s des autres utilisateurs.<\/li><\/ul><h3>4. Votre Contenu<\/h3><p>Tout contenu que vous publiez (texte, image, audio ou vid\u00e9o) est soumis \u00e0 l\u2019approbation de <strong>BENSSOU CAR<\/strong>. Vous accordez \u00e0 BENSSOU CAR une licence mondiale, non exclusive et transf\u00e9rable pour utiliser ce contenu sur tous supports. Pour conna\u00eetre nos politiques de publication, consultez la <a href=\"https:\/\/benssoucar.agency\/es\/politique-de-contenu\/\">page Politique de Contenu<\/a>. Votre contenu doit respecter les droits de tiers. Nous nous r\u00e9servons le droit de supprimer tout contenu non conforme.<\/p><h3>5. Absence de Garanties<\/h3><p>Ce site et ses services, y compris la r\u00e9servation et la <strong>location de v\u00e9hicules \u00e0 Ouarzazate<\/strong>, sont fournis \u00ab tel quel \u00bb. BENSSOU CAR ne garantit pas l\u2019exactitude ou la disponibilit\u00e9 du site. Pour plus d\u2019informations sur nos assurances et garanties, visitez notre <a href=\"https:\/\/benssoucar.agency\/es\/assurances\/\">page Assurances<\/a>.<\/p><h3>6. Limitation de Responsabilit\u00e9<\/h3><p>BENSSOU CAR, ses dirigeants et employ\u00e9s ne seront pas responsables des dommages ou pertes r\u00e9sultant de l\u2019utilisation du site ou de la location de v\u00e9hicules, que ce soit directement ou indirectement. Nous faisons toutefois tout notre possible pour assurer un service fiable et s\u00e9curis\u00e9.<\/p><h3>7. Indemnisation<\/h3><p>Vous acceptez d\u2019indemniser BENSSOU CAR pour tout dommage, co\u00fbt ou r\u00e9clamation r\u00e9sultant de votre violation des pr\u00e9sentes conditions. Cette clause prot\u00e8ge notre entreprise et garantit que chaque client respecte nos r\u00e8gles.<\/p><h3>8. Divisibilit\u00e9<\/h3><p>Si une disposition de ces conditions est jug\u00e9e invalide selon la loi applicable, elle sera supprim\u00e9e sans affecter les autres dispositions.<\/p><h3>9. Modification des Conditions<\/h3><p>BENSSOU CAR peut modifier ces conditions \u00e0 tout moment. Il est recommand\u00e9 de consulter r\u00e9guli\u00e8rement cette page pour rester inform\u00e9 des \u00e9ventuels changements.<\/p><h3>10. Cession<\/h3><p>BENSSOU CAR peut transf\u00e9rer ou sous-traiter ses droits et obligations sans pr\u00e9avis. Vous ne pouvez pas c\u00e9der vos droits sans notre accord.<\/p><h3>11. Accord Complet<\/h3><p>Ces conditions constituent l\u2019int\u00e9gralit\u00e9 de l\u2019accord entre vous et BENSSOU CAR concernant la <strong>r\u00e9servation de voitures \u00e0 Ouarzazate<\/strong>. Elles remplacent tout accord ant\u00e9rieur, \u00e9crit ou oral.<\/p><h3>12. Droit Applicable et Juridiction<\/h3><p>Ces conditions sont r\u00e9gies par le droit fran\u00e7ais. Tout litige sera soumis aux tribunaux comp\u00e9tents en France.<\/p><h3>13. Service Client et Contact<\/h3><p>Pour toute question concernant nos conditions de location ou pour r\u00e9server votre v\u00e9hicule, contactez notre \u00e9quipe via WhatsApp : <a href=\"https:\/\/wa.me\/212661241592\" target=\"_blank\" rel=\"noopener\">https:\/\/wa.me\/212661241592<\/a>. Vous pouvez \u00e9galement consulter notre <a href=\"https:\/\/benssoucar.agency\/es\/contact\/\">page Contact<\/a> pour d\u2019autres moyens de communication. Notre \u00e9quipe est disponible pour vous fournir des conseils personnalis\u00e9s et vous aider \u00e0 choisir le v\u00e9hicule adapt\u00e9 \u00e0 votre s\u00e9jour.<\/p><h3>14. Liens Internes Utiles<\/h3><ul><li><a href=\"https:\/\/benssoucar.agency\/es\/#categoris\">Nos voitures disponibles<\/a><\/li><li><a href=\"https:\/\/benssoucar.agency\/es\/location-voiture-ouarzazate-benssou-car\/\">Nuestros servicios<\/a><\/li><li><a href=\"https:\/\/benssoucar.agency\/es\/location-voiture-ouarzazate-contact\/\">Contactez-nous<\/a><\/li><\/ul><p>Avec BENSSOU CAR, profitez d\u2019une <strong>Alquiler de coches Ouarzazate<\/strong> simple, s\u00e9curis\u00e9e et adapt\u00e9e \u00e0 vos besoins. Chaque r\u00e9servation est con\u00e7ue pour vous offrir confort, libert\u00e9 et s\u00e9r\u00e9nit\u00e9 pendant votre s\u00e9jour.<\/p>\t\t\t\t\t\t\t\t<\/div>\n\t\t\t\t<div class=\"elementor-element elementor-element-d771f0f elementor-widget elementor-widget-image\" data-id=\"d771f0f\" data-element_type=\"widget\" data-e-type=\"widget\" data-widget_type=\"image.default\">\n\t\t\t\t\t\t\t\t\t\t\t\t\t\t\t<img fetchpriority=\"high\" decoding=\"async\" width=\"1024\" height=\"682\" src=\"https:\/\/benssoucar.agency\/wp-content\/uploads\/2023\/10\/Fotolia_90052796_Subscription_Monthly_M.jpg\" class=\"attachment-large size-large wp-image-635\" alt=\"Location voiture Ouarzazate avec BENSSOU CAR\" srcset=\"https:\/\/benssoucar.agency\/wp-content\/uploads\/2023\/10\/Fotolia_90052796_Subscription_Monthly_M.jpg 1024w, https:\/\/benssoucar.agency\/wp-content\/uploads\/2023\/10\/Fotolia_90052796_Subscription_Monthly_M-600x400.jpg 600w, https:\/\/benssoucar.agency\/wp-content\/uploads\/2023\/10\/Fotolia_90052796_Subscription_Monthly_M-300x200.jpg 300w, https:\/\/benssoucar.agency\/wp-content\/uploads\/2023\/10\/Fotolia_90052796_Subscription_Monthly_M-255x170.jpg 255w, https:\/\/benssoucar.agency\/wp-content\/uploads\/2023\/10\/Fotolia_90052796_Subscription_Monthly_M-510x340.jpg 510w, https:\/\/benssoucar.agency\/wp-content\/uploads\/2023\/10\/Fotolia_90052796_Subscription_Monthly_M-280x186.jpg 280w, https:\/\/benssoucar.agency\/wp-content\/uploads\/2023\/10\/Fotolia_90052796_Subscription_Monthly_M-560x373.jpg 560w, https:\/\/benssoucar.agency\/wp-content\/uploads\/2023\/10\/Fotolia_90052796_Subscription_Monthly_M-350x233.jpg 350w, https:\/\/benssoucar.agency\/wp-content\/uploads\/2023\/10\/Fotolia_90052796_Subscription_Monthly_M-700x466.jpg 700w, https:\/\/benssoucar.agency\/wp-content\/uploads\/2023\/10\/Fotolia_90052796_Subscription_Monthly_M-398x265.jpg 398w, https:\/\/benssoucar.agency\/wp-content\/uploads\/2023\/10\/Fotolia_90052796_Subscription_Monthly_M-796x530.jpg 796w\" sizes=\"(max-width: 1024px) 100vw, 1024px\" \/>\t\t\t\t\t\t\t\t\t\t\t\t\t\t\t<\/div>\n\t\t\t\t\t<\/div>\n\t\t<\/div>\n\t\t\t\t\t<\/div>\n\t\t<\/section>\n\t\t\t\t<\/div>\n\t\t\n    <div class=\"xs_social_share_widget xs_share_url after_content \t\tmain_content  wslu-style-1 wslu-share-box-shaped wslu-fill-colored wslu-none wslu-share-horizontal wslu-theme-font-no wslu-main_content\">\n\n\t\t\n        <ul>\n\t\t\t        <\/ul>\n    <\/div>","protected":false},"excerpt":{"rendered":"<p>Conditions G\u00e9n\u00e9rales de Location \u2013 BENSSOU CAR 1. Introduction Bienvenue sur le site officiel de BENSSOU CAR. Ces Conditions G\u00e9n\u00e9rales r\u00e9gissent votre utilisation de notre site et la r\u00e9servation de v\u00e9hicules pour votre location voiture Ouarzazate. Pour d\u00e9couvrir nos mod\u00e8les de v\u00e9hicules et options disponibles, consultez notre page des voitures disponibles. En acc\u00e9dant \u00e0 notre&#8230;<\/p>","protected":false},"author":4,"featured_media":0,"parent":0,"menu_order":0,"comment_status":"closed","ping_status":"closed","template":"","meta":{"postBodyCss":"","postBodyMargin":[],"postBodyPadding":[],"postBodyBackground":{"backgroundType":"classic","gradient":""},"footnotes":""},"class_list":["post-359","page","type-page","status-publish","hentry"],"_hostinger_reach_plugin_has_subscription_block":false,"_hostinger_reach_plugin_is_elementor":false,"_links":{"self":[{"href":"https:\/\/benssoucar.agency\/es\/wp-json\/wp\/v2\/pages\/359","targetHints":{"allow":["GET"]}}],"collection":[{"href":"https:\/\/benssoucar.agency\/es\/wp-json\/wp\/v2\/pages"}],"about":[{"href":"https:\/\/benssoucar.agency\/es\/wp-json\/wp\/v2\/types\/page"}],"author":[{"embeddable":true,"href":"https:\/\/benssoucar.agency\/es\/wp-json\/wp\/v2\/users\/4"}],"replies":[{"embeddable":true,"href":"https:\/\/benssoucar.agency\/es\/wp-json\/wp\/v2\/comments?post=359"}],"version-history":[{"count":20,"href":"https:\/\/benssoucar.agency\/es\/wp-json\/wp\/v2\/pages\/359\/revisions"}],"predecessor-version":[{"id":1440,"href":"https:\/\/benssoucar.agency\/es\/wp-json\/wp\/v2\/pages\/359\/revisions\/1440"}],"wp:attachment":[{"href":"https:\/\/benssoucar.agency\/es\/wp-json\/wp\/v2\/media?parent=359"}],"curies":[{"name":"wp","href":"https:\/\/api.w.org\/{rel}","templated":true}]}}