{"id":311,"date":"2017-01-24T11:40:35","date_gmt":"2017-01-24T11:40:35","guid":{"rendered":"https:\/\/motors.stylemixthemes.com\/?page_id=311"},"modified":"2025-12-24T09:41:31","modified_gmt":"2025-12-24T09:41:31","slug":"location-voiture-ouarzazate-contact","status":"publish","type":"page","link":"https:\/\/benssoucar.agency\/es\/location-voiture-ouarzazate-contact\/","title":{"rendered":"Contactez-nous"},"content":{"rendered":"\t\t<div data-elementor-type=\"wp-page\" data-elementor-id=\"311\" class=\"elementor elementor-311\">\n\t\t\t\t\t\t<section class=\"elementor-section elementor-top-section elementor-element elementor-element-998bcfa elementor-section-boxed elementor-section-height-default elementor-section-height-default\" data-id=\"998bcfa\" data-element_type=\"section\" data-e-type=\"section\">\n\t\t\t\t\t\t<div class=\"elementor-container elementor-column-gap-default\">\n\t\t\t\t\t<div class=\"elementor-column elementor-col-50 elementor-top-column elementor-element elementor-element-f395a66\" data-id=\"f395a66\" data-element_type=\"column\" data-e-type=\"column\">\n\t\t\t<div class=\"elementor-widget-wrap elementor-element-populated\">\n\t\t\t\t\t\t<div class=\"elementor-element elementor-element-80be818 elementor-widget elementor-widget-heading\" data-id=\"80be818\" data-element_type=\"widget\" data-e-type=\"widget\" data-widget_type=\"heading.default\">\n\t\t\t\t\t<h2 class=\"elementor-heading-title elementor-size-default\"><a href=\"https:\/\/benssoucar.agency\/\">Location voiture Ouarzazate avec BENSSOU CAR\u200b<\/a><\/h2>\t\t\t\t<\/div>\n\t\t\t\t<div class=\"elementor-element elementor-element-03ab0a9 elementor-position-inline-start elementor-mobile-position-inline-start elementor-view-default elementor-widget elementor-widget-icon-box\" data-id=\"03ab0a9\" data-element_type=\"widget\" data-e-type=\"widget\" data-widget_type=\"icon-box.default\">\n\t\t\t\t\t\t\t<div class=\"elementor-icon-box-wrapper\">\n\n\t\t\t\t\t\t<div class=\"elementor-icon-box-icon\">\n\t\t\t\t<span  class=\"elementor-icon\">\n\t\t\t\t<i aria-hidden=\"true\" class=\"stmicon- stm-icon-pin\"><\/i>\t\t\t\t<\/span>\n\t\t\t<\/div>\n\t\t\t\n\t\t\t\t\t\t<div class=\"elementor-icon-box-content\">\n\n\t\t\t\t\t\t\t\t\t<p class=\"elementor-icon-box-title\">\n\t\t\t\t\t\t<span  >\n\t\t\t\t\t\t\tBB\t\t\t\t\t\t<\/span>\n\t\t\t\t\t<\/p>\n\t\t\t\t\n\t\t\t\t\n\t\t\t<\/div>\n\t\t\t\n\t\t<\/div>\n\t\t\t\t\t\t<\/div>\n\t\t\t\t<div class=\"elementor-element elementor-element-3ed7ee4 elementor-position-inline-start elementor-mobile-position-inline-start elementor-view-default elementor-widget elementor-widget-icon-box\" data-id=\"3ed7ee4\" data-element_type=\"widget\" data-e-type=\"widget\" data-widget_type=\"icon-box.default\">\n\t\t\t\t\t\t\t<div class=\"elementor-icon-box-wrapper\">\n\n\t\t\t\t\t\t<div class=\"elementor-icon-box-icon\">\n\t\t\t\t<span  class=\"elementor-icon\">\n\t\t\t\t<i aria-hidden=\"true\" class=\"stmservice-icon- stm-service-icon-sales_phone\"><\/i>\t\t\t\t<\/span>\n\t\t\t<\/div>\n\t\t\t\n\t\t\t\t\t\t<div class=\"elementor-icon-box-content\">\n\n\t\t\t\t\t\t\t\t\t<p class=\"elementor-icon-box-title\">\n\t\t\t\t\t\t<span  >\n\t\t\t\t\t\t\tPhone: +212 661-241592\t\t\t\t\t\t<\/span>\n\t\t\t\t\t<\/p>\n\t\t\t\t\n\t\t\t\t\n\t\t\t<\/div>\n\t\t\t\n\t\t<\/div>\n\t\t\t\t\t\t<\/div>\n\t\t\t\t<div class=\"elementor-element elementor-element-0e0c177 elementor-position-inline-start elementor-mobile-position-inline-start elementor-view-default elementor-widget elementor-widget-icon-box\" data-id=\"0e0c177\" data-element_type=\"widget\" data-e-type=\"widget\" data-widget_type=\"icon-box.default\">\n\t\t\t\t\t\t\t<div class=\"elementor-icon-box-wrapper\">\n\n\t\t\t\t\t\t<div class=\"elementor-icon-box-icon\">\n\t\t\t\t<span  class=\"elementor-icon\">\n\t\t\t\t<i aria-hidden=\"true\" class=\"stmicon- stm-icon-time\"><\/i>\t\t\t\t<\/span>\n\t\t\t<\/div>\n\t\t\t\n\t\t\t\t\t\t<div class=\"elementor-icon-box-content\">\n\n\t\t\t\t\t\t\t\t\t<p class=\"elementor-icon-box-title\">\n\t\t\t\t\t\t<span  >\n\t\t\t\t\t\t\t<span style=\"line-height: 18px;font-family: Montserrat, Arial;white-space: normal\">Mon \u2013 Fri: 09:00AM \u2013 09:00PM<\/span><br style=\"font-family: Montserrat, Arial;white-space: normal\"><span style=\"line-height: 18px;font-family: Montserrat, Arial;white-space: normal\">Saturday: 09:00AM \u2013 07:00PM<\/span><br style=\"font-family: Montserrat, Arial;white-space: normal\"><span style=\"line-height: 18px;font-family: Montserrat, Arial;white-space: normal\">Sunday: Closed<\/span>\t\t\t\t\t\t<\/span>\n\t\t\t\t\t<\/p>\n\t\t\t\t\n\t\t\t\t\n\t\t\t<\/div>\n\t\t\t\n\t\t<\/div>\n\t\t\t\t\t\t<\/div>\n\t\t\t\t<div class=\"elementor-element elementor-element-431ddba elementor-widget elementor-widget-shortcode\" data-id=\"431ddba\" data-element_type=\"widget\" data-e-type=\"widget\" data-widget_type=\"shortcode.default\">\n\t\t\t\t\t\t\t<div class=\"elementor-shortcode\"><p style=\"text-align: center;\"><a style=\"color: #ffffff; background-color: #f2295b; padding: 12px 25px; text-decoration: none; border-radius: 5px; font-weight: bold;\" href=\"https:\/\/wa.me\/212661241592?text=%D9%85%D8%B1%D8%AD%D8%A8%D9%8B%D8%A7%D8%8C%20%D8%A3%D9%88%D8%AF%20%D8%A7%D9%84%D8%A7%D8%B3%D8%AA%D9%81%D8%B3%D8%A7%D8%B1%20%D8%B9%D9%86%20%D8%AE%D8%AF%D9%85%D8%A7%D8%AA%D9%83%D9%85.\" target=\"_blank\" rel=\"noopener\">\nCONTACTEZ-NOUS\n<\/a><\/p>\n<\/div>\n\t\t\t\t\t\t<\/div>\n\t\t\t\t\t<\/div>\n\t\t<\/div>\n\t\t\t\t<div class=\"elementor-column elementor-col-50 elementor-top-column elementor-element elementor-element-4a07527\" data-id=\"4a07527\" data-element_type=\"column\" data-e-type=\"column\">\n\t\t\t<div class=\"elementor-widget-wrap elementor-element-populated\">\n\t\t\t\t\t\t<div class=\"elementor-element elementor-element-b809962 elementor-widget elementor-widget-google_maps\" data-id=\"b809962\" data-element_type=\"widget\" data-e-type=\"widget\" data-widget_type=\"google_maps.default\">\n\t\t\t\t\t\t\t<div class=\"elementor-custom-embed\">\n\t\t\t<iframe loading=\"lazy\"\n\t\t\t\t\tsrc=\"https:\/\/maps.google.com\/maps?q=W4G3%2BRF%20Ouarzazate&#038;t=m&#038;z=20&#038;output=embed&#038;iwloc=near\"\n\t\t\t\t\ttitle=\"W4G3+RF Ouarzazate\"\n\t\t\t\t\taria-label=\"W4G3+RF Ouarzazate\"\n\t\t\t><\/iframe>\n\t\t<\/div>\n\t\t\t\t\t\t<\/div>\n\t\t\t\t\t<\/div>\n\t\t<\/div>\n\t\t\t\t\t<\/div>\n\t\t<\/section>\n\t\t\t\t<section class=\"elementor-section elementor-top-section elementor-element elementor-element-dfa076a elementor-reverse-tablet elementor-reverse-mobile elementor-section-boxed elementor-section-height-default elementor-section-height-default\" data-id=\"dfa076a\" data-element_type=\"section\" data-e-type=\"section\">\n\t\t\t\t\t\t<div class=\"elementor-container elementor-column-gap-default\">\n\t\t\t\t\t<div class=\"elementor-column elementor-col-50 elementor-top-column elementor-element elementor-element-ee36463\" data-id=\"ee36463\" data-element_type=\"column\" data-e-type=\"column\">\n\t\t\t<div class=\"elementor-widget-wrap elementor-element-populated\">\n\t\t\t\t\t\t<div class=\"elementor-element elementor-element-1f41923 elementor-widget elementor-widget-image\" data-id=\"1f41923\" data-element_type=\"widget\" data-e-type=\"widget\" data-widget_type=\"image.default\">\n\t\t\t\t\t\t\t\t\t\t\t\t\t\t\t<img fetchpriority=\"high\" decoding=\"async\" width=\"1024\" height=\"725\" src=\"https:\/\/benssoucar.agency\/wp-content\/uploads\/2023\/10\/parallax-block-1024x725.jpg\" class=\"attachment-large size-large wp-image-619\" alt=\"Location voiture Ouarzazate avec BENSSOU CAR\" srcset=\"https:\/\/benssoucar.agency\/wp-content\/uploads\/2023\/10\/parallax-block-1024x725.jpg 1024w, https:\/\/benssoucar.agency\/wp-content\/uploads\/2023\/10\/parallax-block-600x425.jpg 600w, https:\/\/benssoucar.agency\/wp-content\/uploads\/2023\/10\/parallax-block-300x213.jpg 300w, https:\/\/benssoucar.agency\/wp-content\/uploads\/2023\/10\/parallax-block-255x181.jpg 255w, https:\/\/benssoucar.agency\/wp-content\/uploads\/2023\/10\/parallax-block-510x361.jpg 510w, https:\/\/benssoucar.agency\/wp-content\/uploads\/2023\/10\/parallax-block-280x198.jpg 280w, https:\/\/benssoucar.agency\/wp-content\/uploads\/2023\/10\/parallax-block-560x397.jpg 560w, https:\/\/benssoucar.agency\/wp-content\/uploads\/2023\/10\/parallax-block-350x248.jpg 350w, https:\/\/benssoucar.agency\/wp-content\/uploads\/2023\/10\/parallax-block-700x496.jpg 700w, https:\/\/benssoucar.agency\/wp-content\/uploads\/2023\/10\/parallax-block-398x282.jpg 398w, https:\/\/benssoucar.agency\/wp-content\/uploads\/2023\/10\/parallax-block-796x564.jpg 796w, https:\/\/benssoucar.agency\/wp-content\/uploads\/2023\/10\/parallax-block.jpg 1920w\" sizes=\"(max-width: 1024px) 100vw, 1024px\" \/>\t\t\t\t\t\t\t\t\t\t\t\t\t\t\t<\/div>\n\t\t\t\t<div class=\"elementor-element elementor-element-fa5c0b5 elementor-widget elementor-widget-heading\" data-id=\"fa5c0b5\" data-element_type=\"widget\" data-e-type=\"widget\" data-widget_type=\"heading.default\">\n\t\t\t\t\t<span class=\"elementor-heading-title elementor-size-default\">Contactez-nous pour louer votre SUV ou voiture de tourisme \u00e0 Ouarzazate Livraison \u00e0 l\u2019a\u00e9roport et v\u00e9hicules pour le d\u00e9sert du MarocLorem ipsum dolor sit amet, consectetur adipiscing elit. Ut elit tellus, luctus nec ullamcorper mattis, pulvinar dapibus leo.<\/span>\t\t\t\t<\/div>\n\t\t\t\t\t<\/div>\n\t\t<\/div>\n\t\t\t\t<div class=\"elementor-column elementor-col-50 elementor-top-column elementor-element elementor-element-18146a3\" data-id=\"18146a3\" data-element_type=\"column\" data-e-type=\"column\">\n\t\t\t<div class=\"elementor-widget-wrap elementor-element-populated\">\n\t\t\t\t\t\t<div class=\"elementor-element elementor-element-61989dc elementor-widget elementor-widget-wpforms\" data-id=\"61989dc\" data-element_type=\"widget\" data-e-type=\"widget\" data-widget_type=\"wpforms.default\">\n\t\t\t\t<div class=\"elementor-widget-container\">\n\t\t\t\t\t<style id=\"wpforms-css-vars-elementor-widget-61989dc\">\n\t\t\t\t.elementor-widget-wpforms.elementor-element-61989dc {\n\t\t\t\t--wpforms-field-border-style: dashed;\n--wpforms-field-border-radius: 32px;\n--wpforms-field-background-color: #E90202;\n--wpforms-field-border-color: #cccccc;\n--wpforms-field-border-color-spare: #cccccc;\n--wpforms-field-text-color: #444444;\n--wpforms-label-color: #262626;\n--wpforms-label-sublabel-color: #000000;\n--wpforms-label-error-color: #F0C540;\n--wpforms-button-border-style: solid;\n--wpforms-button-background-color: #E90202;\n--wpforms-button-border-color: #E90202;\n--wpforms-button-text-color: #000000;\n\t\t\t}\n\t\t\t<\/style><div class=\"wpforms-container wpforms-container-full wpforms-render-modern\" id=\"wpforms-1021\"><form id=\"wpforms-form-1021\" class=\"wpforms-validate wpforms-form wpforms-ajax-form\" data-formid=\"1021\" method=\"post\" enctype=\"multipart\/form-data\" action=\"\/es\/wp-json\/wp\/v2\/pages\/311\" data-token=\"30ca5b3f00a6da7246e4368db4fadf39\" data-token-time=\"1775238784\"><noscript class=\"wpforms-error-noscript\">Por favor, activa JavaScript en tu navegador para completar este formulario.<\/noscript><div id=\"wpforms-error-noscript\" style=\"display: none;\">Por favor, activa JavaScript en tu navegador para completar este formulario.<\/div><div class=\"wpforms-field-container\">\t\t<div id=\"wpforms-1021-field_4-container\"\n\t\t\tclass=\"wpforms-field wpforms-field-text\"\n\t\t\tdata-field-type=\"text\"\n\t\t\tdata-field-id=\"4\"\n\t\t\t>\n\t\t\t<label class=\"wpforms-field-label\" for=\"wpforms-1021-field_4\" >MESSAGE NOM VOTRE<\/label>\n\t\t\t<input type=\"text\" id=\"wpforms-1021-field_4\" class=\"wpforms-field-medium\" name=\"wpforms[fields][4]\" >\n\t\t<\/div>\n\t\t<div id=\"wpforms-1021-field_1-container\" class=\"wpforms-field wpforms-field-name\" data-field-id=\"1\"><label class=\"wpforms-field-label\" for=\"wpforms-1021-field_1\">VOTRE NOM * <span class=\"wpforms-required-label\" aria-hidden=\"true\">*<\/span><\/label><input type=\"text\" id=\"wpforms-1021-field_1\" class=\"wpforms-field-medium wpforms-field-required\" name=\"wpforms[fields][1]\" aria-errormessage=\"wpforms-1021-field_1-error\" required><\/div><div id=\"wpforms-1021-field_2-container\" class=\"wpforms-field wpforms-field-email\" data-field-id=\"2\"><label class=\"wpforms-field-label\" for=\"wpforms-1021-field_2\">EMAIL  <span class=\"wpforms-required-label\" aria-hidden=\"true\">*<\/span><\/label><input type=\"email\" id=\"wpforms-1021-field_2\" class=\"wpforms-field-medium wpforms-field-required\" name=\"wpforms[fields][2]\" spellcheck=\"false\" aria-errormessage=\"wpforms-1021-field_2-error\" required><\/div><div id=\"wpforms-1021-field_3-container\" class=\"wpforms-field wpforms-field-textarea\" data-field-id=\"3\"><label class=\"wpforms-field-label\" for=\"wpforms-1021-field_3\">MESSAGE<\/label><textarea id=\"wpforms-1021-field_3\" class=\"wpforms-field-medium\" name=\"wpforms[fields][3]\" aria-errormessage=\"wpforms-1021-field_3-error\" ><\/textarea><\/div><script>\n\t\t\t\t( function() {\n\t\t\t\t\tconst style = document.createElement( 'style' );\n\t\t\t\t\tstyle.appendChild( document.createTextNode( '#wpforms-1021-field_4-container { position: absolute !important; overflow: hidden !important; display: inline !important; height: 1px !important; width: 1px !important; z-index: -1000 !important; padding: 0 !important; } #wpforms-1021-field_4-container input { visibility: hidden; } #wpforms-conversational-form-page #wpforms-1021-field_4-container label { counter-increment: none; }' ) );\n\t\t\t\t\tdocument.head.appendChild( style );\n\t\t\t\t\tdocument.currentScript?.remove();\n\t\t\t\t} )();\n\t\t\t<\/script><\/div><!-- .wpforms-field-container --><div class=\"wpforms-submit-container\" ><input type=\"hidden\" name=\"wpforms[id]\" value=\"1021\"><input type=\"hidden\" name=\"page_title\" value=\"\"><input type=\"hidden\" name=\"page_url\" value=\"https:\/\/benssoucar.agency\/es\/wp-json\/wp\/v2\/pages\/311\"><input type=\"hidden\" name=\"url_referer\" value=\"\"><button type=\"submit\" name=\"wpforms[submit]\" id=\"wpforms-submit-1021\" class=\"wpforms-submit\" data-alt-text=\"ENVOYER....\" data-submit-text=\"ENVOYER\" aria-live=\"assertive\" value=\"wpforms-submit\">ENVOYER<\/button><img decoding=\"async\" src=\"https:\/\/benssoucar.agency\/wp-content\/plugins\/wpforms-lite\/assets\/images\/submit-spin.svg\" class=\"wpforms-submit-spinner\" style=\"display: none;\" width=\"26\" height=\"26\" alt=\"Cargando\"><\/div><\/form><\/div>  <!-- .wpforms-container -->\t\t\t\t<\/div>\n\t\t\t\t<\/div>\n\t\t\t\t\t<\/div>\n\t\t<\/div>\n\t\t\t\t\t<\/div>\n\t\t<\/section>\n\t\t\t\t<\/div>\n\t\t\n    <div class=\"xs_social_share_widget xs_share_url after_content \t\tmain_content  wslu-style-1 wslu-share-box-shaped wslu-fill-colored wslu-none wslu-share-horizontal wslu-theme-font-no wslu-main_content\">\n\n\t\t\n        <ul>\n\t\t\t        <\/ul>\n    <\/div> \n","protected":false},"excerpt":{"rendered":"<p>Location voiture Ouarzazate avec BENSSOU CAR\u200b BB Phone: +212 661-241592 Mon \u2013 Fri: 09:00AM \u2013 09:00PMSaturday: 09:00AM \u2013 07:00PMSunday: Closed CONTACTEZ-NOUS Contactez-nous pour louer votre SUV ou voiture de tourisme \u00e0 Ouarzazate Livraison \u00e0 l\u2019a\u00e9roport et v\u00e9hicules pour le d\u00e9sert du MarocLorem ipsum dolor sit amet, consectetur adipiscing elit. Ut elit tellus, luctus nec ullamcorper&#8230;<\/p>","protected":false},"author":4,"featured_media":0,"parent":0,"menu_order":0,"comment_status":"closed","ping_status":"closed","template":"","meta":{"postBodyCss":"","postBodyMargin":[],"postBodyPadding":[],"postBodyBackground":{"backgroundType":"classic","gradient":""},"footnotes":""},"class_list":["post-311","page","type-page","status-publish","hentry"],"_hostinger_reach_plugin_has_subscription_block":false,"_hostinger_reach_plugin_is_elementor":false,"_links":{"self":[{"href":"https:\/\/benssoucar.agency\/es\/wp-json\/wp\/v2\/pages\/311","targetHints":{"allow":["GET"]}}],"collection":[{"href":"https:\/\/benssoucar.agency\/es\/wp-json\/wp\/v2\/pages"}],"about":[{"href":"https:\/\/benssoucar.agency\/es\/wp-json\/wp\/v2\/types\/page"}],"author":[{"embeddable":true,"href":"https:\/\/benssoucar.agency\/es\/wp-json\/wp\/v2\/users\/4"}],"replies":[{"embeddable":true,"href":"https:\/\/benssoucar.agency\/es\/wp-json\/wp\/v2\/comments?post=311"}],"version-history":[{"count":39,"href":"https:\/\/benssoucar.agency\/es\/wp-json\/wp\/v2\/pages\/311\/revisions"}],"predecessor-version":[{"id":1443,"href":"https:\/\/benssoucar.agency\/es\/wp-json\/wp\/v2\/pages\/311\/revisions\/1443"}],"wp:attachment":[{"href":"https:\/\/benssoucar.agency\/es\/wp-json\/wp\/v2\/media?parent=311"}],"curies":[{"name":"wp","href":"https:\/\/api.w.org\/{rel}","templated":true}]}}