{"id":210,"date":"2017-01-18T09:14:44","date_gmt":"2017-01-18T09:14:44","guid":{"rendered":"https:\/\/motors.stylemixthemes.com\/?page_id=210"},"modified":"2025-12-24T07:00:45","modified_gmt":"2025-12-24T07:00:45","slug":"location-voiture-ouarzazate-date-reservation","status":"publish","type":"page","link":"https:\/\/benssoucar.agency\/es\/location-voiture-ouarzazate-date-reservation\/","title":{"rendered":"Date Reservation"},"content":{"rendered":"\t\t<div data-elementor-type=\"wp-page\" data-elementor-id=\"210\" class=\"elementor elementor-210\">\n\t\t\t\t\t\t<section class=\"elementor-section elementor-top-section elementor-element elementor-element-a0f7e34 elementor-section-full_width elementor-section-stretched elementor-section-height-default elementor-section-height-default\" data-id=\"a0f7e34\" data-element_type=\"section\" data-e-type=\"section\" data-settings=\"{&quot;stretch_section&quot;:&quot;section-stretched&quot;}\">\n\t\t\t\t\t\t<div class=\"elementor-container elementor-column-gap-default\">\n\t\t\t\t\t<div class=\"elementor-column elementor-col-100 elementor-top-column elementor-element elementor-element-f1e558b\" data-id=\"f1e558b\" data-element_type=\"column\" data-e-type=\"column\">\n\t\t\t<div class=\"elementor-widget-wrap elementor-element-populated\">\n\t\t\t\t\t\t<div class=\"elementor-element elementor-element-bed5dc0 elementor-widget elementor-widget-motors-rental-reservation-steps\" data-id=\"bed5dc0\" data-element_type=\"widget\" data-e-type=\"widget\" data-widget_type=\"motors-rental-reservation-steps.default\">\n\t\t\t\t<div class=\"elementor-widget-container\">\n\t\t\t\t\t<div>\n\t\n<div class=\"stm-fullwidth-with-parallax-bg\">\n    <div class=\"container\">\n    <div class=\"stm_wizard_title heading-font\">\n        Reserva    <\/div>\n    <div class=\"row\">\n                    <div class=\"col-md-4 col-sm-12\">\n                <div class=\"stm_nav_wizard_step stm_nav_wizard_step_1\">\n                    \n<div class=\"inner \">\n\t<a href=\"https:\/\/benssoucar.agency\/es\/location-voiture-ouarzazate-date-reservation\/\" class=\"top heading-font\">\n\t\t<div class=\"number\">\n\t\t\t<span>1<\/span>\n\t\t<\/div>\n\t\t<label>Su itinerario<\/label>\n\t<\/a>\n\t<div class=\"content\">\n\t\t<div class=\"first\">\n\t\t\t<h5>Recogida<\/h5>\n\t\t\t<div class=\"stm_filled_pickup_location\">--<\/div>\n\t\t\t<div class=\"stm_filled_pickup_date\">--<\/div>\n\t\t<\/div>\n\t\t<div class=\"second\">\n\t\t\t<h5 class=\"second\">Entrega<\/h5>\n\t\t\t<div class=\"stm_filled_return_location\">--<\/div>\n\t\t\t<div class=\"stm_filled_return_date\">--<\/div>\n\t\t<\/div>\n\t<\/div>\n<\/div>\n                <\/div>\n            <\/div>\n                    <div class=\"col-md-4 col-sm-12\">\n                <div class=\"stm_nav_wizard_step stm_nav_wizard_step_2\">\n                    \n<div class=\"inner \">\n\t<a href=\"https:\/\/benssoucar.agency\/es\/reservation\/\" class=\"top heading-font\">\n\t\t<div class=\"number\">\n\t\t\t<span>2<\/span>\n\t\t<\/div>\n\t\t<label>Seleccionar veh\u00edculo \/ extras<\/label>\n\t<\/a>\n\t<div class=\"content\">\n\t\t<div class=\"first\">\n\t\t\t<h5>Tipo <\/h5>\n\t\t\t<div>--<\/div>\n\t\t<\/div>\n\t\t<div class=\"second\">\n\t\t\t\t\t\t\t<h5>Extras<\/h5>\n\t\t\t\t\t\t<div>--<\/div>\n\t\t<\/div>\n\t<\/div>\n<\/div>\n                <\/div>\n            <\/div>\n                    <div class=\"col-md-4 col-sm-12\">\n                <div class=\"stm_nav_wizard_step stm_nav_wizard_step_3\">\n                    \n<div class=\"inner \">\n\t<a href=\"https:\/\/benssoucar.agency\/es\/rental-checkout\/\" class=\"top heading-font\">\n\t\t<div class=\"number\">\n\t\t\t<span>3<\/span>\n\t\t<\/div>\n\t\t<label>Reserve su veh\u00edculo<\/label>\n\t<\/a>\n\t<div class=\"content\">\n\t\t<div class=\"first\">\n\t\t\t<h5>Sus datos<\/h5>\n\t\t\t<div>--<\/div>\n\t\t<\/div>\n\t\t<div class=\"second\">\n\t\t\t<h5>Informaci\u00f3n de pago<\/h5>\n\t\t\t<div>\n\t\t\t\t--\t\t\t<\/div>\n\t\t<\/div>\n\t<\/div>\n<\/div>\n                <\/div>\n            <\/div>\n            <\/div>\n<\/div><\/div>\t<\/div>\n\t\t\t\t<\/div>\n\t\t\t\t<\/div>\n\t\t\t\t<div class=\"elementor-element elementor-element-b0426c9 elementor-widget elementor-widget-heading\" data-id=\"b0426c9\" data-element_type=\"widget\" data-e-type=\"widget\" data-widget_type=\"heading.default\">\n\t\t\t\t\t<span class=\"elementor-heading-title elementor-size-default\">Location Voiture Ouarzazate \u2013 Date R\u00e9servation Facile | BENSSOU CAR\n<\/span>\t\t\t\t<\/div>\n\t\t\t\t\t<\/div>\n\t\t<\/div>\n\t\t\t\t\t<\/div>\n\t\t<\/section>\n\t\t\t\t<section class=\"elementor-section elementor-top-section elementor-element elementor-element-8549a67 elementor-section-boxed elementor-section-height-default elementor-section-height-default\" data-id=\"8549a67\" data-element_type=\"section\" data-e-type=\"section\">\n\t\t\t\t\t\t<div class=\"elementor-container elementor-column-gap-default\">\n\t\t\t\t\t<div class=\"elementor-column elementor-col-100 elementor-top-column elementor-element elementor-element-6a47857\" data-id=\"6a47857\" data-element_type=\"column\" data-e-type=\"column\">\n\t\t\t<div class=\"elementor-widget-wrap elementor-element-populated\">\n\t\t\t\t\t\t<div class=\"elementor-element elementor-element-d791bce elementor-widget elementor-widget-heading\" data-id=\"d791bce\" data-element_type=\"widget\" data-e-type=\"widget\" data-widget_type=\"heading.default\">\n\t\t\t\t\t<h2 class=\"elementor-heading-title elementor-size-default\">RESERVE YOUR VEHICLE<\/h2>\t\t\t\t<\/div>\n\t\t\t\t\t<\/div>\n\t\t<\/div>\n\t\t\t\t\t<\/div>\n\t\t<\/section>\n\t\t\t\t<section class=\"elementor-section elementor-top-section elementor-element elementor-element-c2cb855 elementor-section-boxed elementor-section-height-default elementor-section-height-default\" data-id=\"c2cb855\" data-element_type=\"section\" data-e-type=\"section\">\n\t\t\t\t\t\t<div class=\"elementor-container elementor-column-gap-default\">\n\t\t\t\t\t<div class=\"elementor-column elementor-col-50 elementor-top-column elementor-element elementor-element-eb82a51\" data-id=\"eb82a51\" data-element_type=\"column\" data-e-type=\"column\">\n\t\t\t<div class=\"elementor-widget-wrap elementor-element-populated\">\n\t\t\t\t\t\t<div class=\"elementor-element elementor-element-47d8edb elementor-widget elementor-widget-motors-rental-form\" data-id=\"47d8edb\" data-element_type=\"widget\" data-e-type=\"widget\" data-widget_type=\"motors-rental-form.default\">\n\t\t\t\t<div class=\"elementor-widget-container\">\n\t\t\t\t\t\n<div class=\"stm_rent_car_form_wrapper style_2\">\n\t<div class=\"stm_rent_car_form\">\n\t\t\t\t<form action=\"https:\/\/benssoucar.agency\/es\/reservation\/\" method=\"get\">\n\t\t\t<h4>Pick Up<\/h4>\n\t\t\t<div class=\"stm_rent_form_fields\">\n\t\t\t\t<h4 class=\"stm_form_title\">Place to pick up the Car*<\/h4>\n\t\t\t\t<div class=\"stm_pickup_location\">\n\t\t\t\t\t<i class=\"stm-service-icon-pin\"><\/i>\n\t\t\t\t\t<select name=\"pickup_location\" data-class=\"stm_rent_location\">\n\t\t\t\t\t\t<option value=\"\">Choose office<\/option>\n\t\t\t\t\t\t\t\t\t\t\t\t\t\t\t\t\t\t\t\t\t<option value=\"107\" >\n\t\t\t\t\t\t\t\t\tBENSSOU CAR OUARZAZATE\t\t\t\t\t\t\t\t<\/option>\n\t\t\t\t\t\t\t\t\t\t\t\t\t\t\t\t\t\t<\/select>\n\t\t\t\t<\/div>\n\t\t\t\t<label>\n\t\t\t\t\t<input type=\"checkbox\" name=\"return_same\" checked\/>\n\t\t\t\t\tReturn to the same location\t\t\t\t<\/label>\n\t\t\t\t<div class=\"stm_date_time_input\">\n\t\t\t\t\t<h4 class=\"stm_form_title\">Pick-up Date\/Time*<\/h4>\n\t\t\t\t\t<div class=\"stm_date_input\">\n\t\t\t\t\t\t<input type=\"text\" value=\"\" class=\"stm-date-timepicker-start\" name=\"pickup_date\" placeholder=\"Pickup Date\" required readonly\n\t\t\t\t\t\t\t\t\t\t\t\t\t\/>\n\t\t\t\t\t\t<i class=\"stm-icon-date\"><\/i>\n\t\t\t\t\t<\/div>\n\t\t\t\t<\/div>\n\t\t\t<\/div>\n\n\t\t\t<h4>Return<\/h4>\n\t\t\t<div class=\"stm_rent_form_fields stm_rent_form_fields-drop\">\n\t\t\t\t<div class=\"stm_same_return \">\n\t\t\t\t\t<h4 class=\"stm_form_title\">Place to drop the Car*<\/h4>\n\t\t\t\t\t<div class=\"stm_pickup_location stm_drop_location\">\n\t\t\t\t\t\t<i class=\"stm-service-icon-pin\"><\/i>\n\t\t\t\t\t\t<select name=\"drop_location\" data-class=\"stm_rent_location\">\n\t\t\t\t\t\t\t<option value=\"\">Choose office<\/option>\n\t\t\t\t\t\t\t\t\t\t\t\t\t\t\t\t\t\t\t\t\t\t\t\t<option\n\t\t\t\t\t\t\t\t\t\t\t\t\t\t\t\t\t\t\t\tvalue=\"107\">\n\t\t\t\t\t\t\t\t\t\tBENSSOU CAR OUARZAZATE\t\t\t\t\t\t\t\t\t<\/option>\n\t\t\t\t\t\t\t\t\t\t\t\t\t\t\t\t\t\t\t\t\t<\/select>\n\n\t\t\t\t\t<\/div>\n\t\t\t\t<\/div>\n\t\t\t\t<div class=\"stm_date_time_input\">\n\t\t\t\t\t<h4 class=\"stm_form_title\">Drop Date\/Time*<\/h4>\n\t\t\t\t\t<div class=\"stm_date_input\">\n\t\t\t\t\t\t<input type=\"text\" class=\"stm-date-timepicker-end\" name=\"return_date\"\n\t\t\t\t\t\t\tvalue=\"\"\n\t\t\t\t\t\t\tplaceholder=\"Return Date\" required readonly\n\t\t\t\t\t\t\t\t\t\t\t\t\t\/>\n\t\t\t\t\t\t<i class=\"stm-icon-date\"><\/i>\n\t\t\t\t\t<\/div>\n\t\t\t\t<\/div>\n\t\t\t<\/div>\n\t\t\t\t\t\t\t\t\t\t\t\t\t<button class=\"heading-font\" type=\"submit\">Continue reservation<\/button>\n\t\t\t\t<button type=\"submit\" class=\"clear-data normal_font\" data-type=\"clear-data\">\n\t\t\t\t\t<i class=\"stm-rental-redo\"><\/i>\n\t\t\t\t\t<span>\n\t\t\t\t\t\tClear Data\t\t\t\t\t<\/span>\n\t\t\t\t<\/button>\n\t\t\t\t\t<\/form>\n\t\t\t<\/div>\n<\/div>\n\n\n<script>\n\t(function($) {\n\t\t\"use strict\";\n\n\t\t$(document).ready(function(){\n\t\t\t$('input[name=\"return_same\"]').on('change', function(){\n\t\t\t\tif($(this).prop('checked')) {\n\t\t\t\t\t$('.stm_same_return').slideUp();\n\t\t\t\t} else {\n\t\t\t\t\t$('.stm_same_return').slideDown();\n\t\t\t\t}\n\t\t\t});\n\n\t\t\tlet form = $('.stm_rent_car_form form')\n\n\t\t\t$('.stm_pickup_location select').on('select2:open', function() {\n\t\t\t\t$('body').addClass('stm_background_overlay');\n\t\t\t\t$('.select2-container').css('width', $('.select2-dropdown').outerWidth());\n\t\t\t});\n\n\t\t\t$('.stm_pickup_location select').on('select2:close', function(){\n\t\t\t\t$('body').removeClass('stm_background_overlay');\n\t\t\t});\n\n\t\t\t$('.stm_date_time_input input').on('change', function(){\n\t\t\t\tif($(this).val() === '') {\n\t\t\t\t\t$(this).removeClass('active');\n\t\t\t\t} else {\n\t\t\t\t\t$(this).addClass('active');\n\t\t\t\t}\n\t\t\t});\n\n\t\t\t$('.stm-date-timepicker-start').on('change.datetimepicker', function(e) {\n\t\t\t\tclearWooCommerceCart();\n\t\t\t});\n\n\t\t\t$('.stm-date-timepicker-end').on('change.datetimepicker', function(e) {\n\t\t\t\tclearWooCommerceCart();\n\t\t\t});\n\n\t\t\tfunction clearWooCommerceCart() {\n\n\t\t\t\t$.ajax({\n\t\t\t\t\turl: woocommerce_params.ajax_url,\n\t\t\t\t\ttype: 'POST',\n\t\t\t\t\tdata: {\n\t\t\t\t\t\taction: 'clear_woo_cart'\n\t\t\t\t\t},\n\t\t\t\t});\n\n\t\t\t}\n\n\t\t\tvar locations = [[\"<div class='stm_offices_wrapper '><div class='location heading-font'>BENSSOU CAR OUARZAZATE<\\\/div><div class='address'><i class='stm-icon-pin'><\\\/i>ouarzazate <\\\/div><div class='phone_fax'><i class='stm-icon-phone'><\\\/i> <div class='phone'>Tel\\u00e9fono: 06 61 24 15 92<\\\/div><\\\/div><div class='stm_work_hours'><i class='stm-icon-time'><\\\/i>Mon - Fri: 09:00AM - 09:00PM<br\\\/> Saturday: 09:00AM - 07:00PM<br\\\/> Sunday: Closed<\\\/div><\\\/div>\",\"34.097994\",\"-118.292820\",0,\"BENSSOU CAR OUARZAZATE\",107]];\n\t\t\tvar contents = [];\n\t\t\tvar content = '';\n\t\t\tvar i = 0;\n\n\t\t\tfor (i = 0; i < locations.length; i++) {\n\t\t\t\tcontent = '<ul class=\"stm_locations_description text-right_position\">';\n\t\t\t\tcontent += '<li>' + locations[i][0] + '<\/li>';\n\t\t\t\tcontent += '<\/ul>';\n\n\t\t\t\tcontents.push(content);\n\t\t\t}\n\n\t\t\t$(document).on('mouseover', '.stm_rent_location .select2-results__options li', function(){\n\t\t\t\tvar currentLi = ($(this).index()) - 1;\n\t\t\t\t$('.stm_rent_location .stm_locations_description').remove();\n\t\t\t\t$('.stm_rent_location').append(contents[currentLi]);\n\t\t\t});\n\n\t\t\tvar stmStart = $('.stm-date-timepicker-start')\n\t\t\tvar stmEnd = $('.stm-date-timepicker-end')\n\t\t\tvar stmStartVal = stmStart.val();\n\t\t\tvar stmEndVal = stmEnd.val();\n\t\t\tvar expireCookieTime = parseInt( '' );\n\t\t\tvar expiresTime = new Date();\n\t\t\t\t\t\t\tif ( isNaN( expireCookieTime ) ) {\n\t\t\t\t\texpireCookieTime = 24;\n\t\t\t\t}\n\t\t\t\texpiresTime.setTime(expiresTime.getTime() + (expireCookieTime * 60 * 60 * 1000));\n\t\t\t\n\t\t\t\/*Timepicker*\/\n\t\t\tvar stmToday = new Date();\n\t\t\t\t\t\tvar stmTomorrow = new Date(+new Date() + 86400000);\n\t\t\t\t\t\tvar startDate = stmStartVal ? stmStartVal : false;\n\t\t\tvar endDate = stmEndVal ? stmEndVal : false;\n\t\t\tvar dateTimeFormat = 'F j, Y g:i a';\n\t\t\tvar dateTimeFormatHide = 'MM DD, YYYY HH:mm';\n\n\t\t\tstmStart.datetimepicker({\n\t\t\t\tformat: dateTimeFormat,\n\t\t\t\tdayOfWeekStart: 1,\n\t\t\t\tdefaultDate: stmToday,\n\t\t\t\tdefaultSelect: true,\n\t\t\t\tcloseOnDateSelect: false,\n\t\t\t\ttimeHeightInTimePicker: 40,\n\t\t\t\tvalidateOnBlur: false,\n\t\t\t\t\t\t\t\tfixed: false,\n\t\t\t\tlang: currentLocale ? currentLocale : 'es',\n\t\t\t\tonShow: function( ct ) {\n\t\t\t\t\t$('body').addClass('stm_background_overlay stm-lock');\n\n\t\t\t\t\tvar stmEndDate = stmEnd.val() ? moment(stmEnd.val()) : false;\n\n\t\t\t\t\tif(stmEndDate) {\n\t\t\t\t\t\tstmEndDate = stmEndDate.toDate();\n\t\t\t\t\t}\n\n\t\t\t\t\tthis.setOptions({\n\t\t\t\t\t\tminDate: new Date(),\n\t\t\t\t\t});\n\n\t\t\t\t\t$(\".xdsoft_time_variant\").css('margin-top', '-600px');\n\t\t\t\t},\n\t\t\t\tonSelectDate: function (ct, $i) {\n\t\t\t\t\t$i.datetimepicker('close');\n\n\t\t\t\t\t$('.xdsoft_time').removeClass('xdsoft_current');\n\t\t\t\t\t\/\/reset end date\n\t\t\t\t\tstmEnd.val('');\n\t\t\t\t\tstmEnd.removeAttr( 'data-dt-hide' );\n\t\t\t\t},\n\t\t\t\tonClose: function (ct, $i) {\n\t\t\t\t\tstartDate = ct;\n\n\t\t\t\t\tif (ct < new Date()) {\n\t\t\t\t\t\t$i.datetimepicker('reset');\n\t\t\t\t\t}\n\n\t\t\t\t\tif (startDate && endDate) {\n\t\t\t\t\t\tcheckDate(moment(startDate).format(dateTimeFormatHide), moment(endDate).format(dateTimeFormatHide));\n\t\t\t\t\t}\n\t\t\t\t\t$('.stm-date-timepicker-end').trigger('blur');\n\n\t\t\t\t},\n\n\t\t\t\tonChangeDateTime: function (ct, $i) {\n\t\t\t\t\t$i.attr('data-dt-hide', moment(ct).format(dateTimeFormatHide));\n\t\t\t\t},\n\n\t\t\t\tonGenerate: function () {\n\t\t\t\t\tif(!stmStart.val()) {\n\t\t\t\t\t\t$('.xdsoft_time').removeClass('xdsoft_current');\n\t\t\t\t\t}\n\t\t\t\t}\n\t\t\t});\n\n\t\t\tstmEnd.datetimepicker({\n\t\t\t\tformat:dateTimeFormat,\n\t\t\t\tdayOfWeekStart: 1,\n\t\t\t\tdefaultDate: stmTomorrow,\n\t\t\t\tdefaultSelect: true,\n\t\t\t\tcloseOnDateSelect: false,\n\t\t\t\ttimeHeightInTimePicker: 40,\n\t\t\t\tvalidateOnBlur: false,\n\t\t\t\t\t\t\t\tfixed: false,\n\t\t\t\tlang: currentLocale ? currentLocale : 'es',\n\t\t\t\tonShow: function (ct, $i) {\n\t\t\t\t\t$('body').addClass('stm_background_overlay stm-lock');\n\n\t\t\t\t\tvar stmStartDate = startDate ? moment(startDate).add(1, 'day') : false;\n\t\t\t\t\tif (stmStartDate) {\n\t\t\t\t\t\tstmStartDate = stmStartDate.toDate();\n\t\t\t\t\t} else {\n\t\t\t\t\t\tstmStartDate = new Date();\n\t\t\t\t\t}\n\n\t\t\t\t\tthis.setOptions({\n\t\t\t\t\t\tminDate: stmStartDate,\n\t\t\t\t\t\tdefaultDate: stmStartDate,\n\t\t\t\t\t})\n\t\t\t\t},\n\t\t\t\tonSelectDate: function (ct, $i) {\n\t\t\t\t\t$('.xdsoft_time').removeClass('xdsoft_current');\n\t\t\t\t\t$i.datetimepicker('close');\n\t\t\t\t},\n\t\t\t\tonClose: function( ct, $i ) {\n\t\t\t\t\tendDate = ct;\n\n\t\t\t\t\tif(ct < new Date()) {\n\t\t\t\t\t\t$i.datetimepicker('reset');\n\t\t\t\t\t}\n\n\t\t\t\t\tif(!stmStart.val() && !$i.val()) {\n\t\t\t\t\t\tcheckDate(moment(startDate).format(dateTimeFormatHide), moment(endDate).format(dateTimeFormatHide));\n\t\t\t\t\t}\n\n\t\t\t\t\tvar s = moment(startDate);\n\t\t\t\t\tvar e = moment(ct);\n\n\t\t\t\t\tif(e.diff(s) < 0) {\n\t\t\t\t\t\ts = s.add(1, 'day');\n\t\t\t\t\t\t$i.val('');\n\t\t\t\t\t\t$i.attr('data-dt-hide', '');\n\t\t\t\t\t\tthis.setOptions({\n\t\t\t\t\t\t\tminDate: s.toDate(),\n\t\t\t\t\t\t\tdefaultDate: s.toDate()\n\t\t\t\t\t\t});\n\t\t\t\t\t}\n\n\t\t\t\t\t$('body').removeClass('stm_background_overlay stm-lock');\n\t\t\t\t},\n\t\t\t\tonChangeDateTime: function (ct, $i) {\n\t\t\t\t\t$i.attr('data-dt-hide', moment(ct).format(dateTimeFormatHide));\n\t\t\t\t},\n\t\t\t\tonGenerate: function (ct, $i) {\n\t\t\t\t\tif ($i.val() === '') {\n\t\t\t\t\t\t$('.xdsoft_time').removeClass('xdsoft_current');\n\t\t\t\t\t}\n\t\t\t\t}\n\t\t\t});\n\n\t\t\tlet clear_button = $('form .clear-data')\n\n\t\t\t\n\t\t\tclear_button.each(function (index, item) {\n\t\t\t\tif (!$(item).hasClass('isNotHidden'))\n\t\t\t\t\t$(item).hide()\n\t\t\t})\n\n\t\t\tform.find('select, input').change(function () {\n\t\t\t\tlet form = $(this.form)\n\t\t\t\tform.find('.clear-data').show()\n\t\t\t})\n\n\t\t\tclear_button.on('click', function (e) {\n\t\t\t\te.preventDefault();\n\n\t\t\t\tlet form = $(this.form)\n\n\t\t\t\tform.attr('action', 'https:\/\/benssoucar.agency\/es\/reservation\/');\n\n\t\t\t\tjQuery.ajax({\n\t\t\t\t\turl: ajaxurl,\n\t\t\t\t\ttype: \"GET\",\n\t\t\t\t\tdataType: 'json',\n\t\t\t\t\tcontext: this,\n\t\t\t\t\tdata: 'action=stm_ajax_clear_data&security=' + stm_security_nonce,\n\t\t\t\t\tsuccess: function (data) {}\n\t\t\t\t});\n\n\t\t\t\t$(\"select[name='pickup_location']\").val('').trigger('change');\n\t\t\t\t$(\"select[name='drop_location']\").val('').trigger('change');\n\n\t\t\t\t$.each(form.serializeArray(), function (i, field) {\n\t\t\t\t\tif(field.name === 'pickup_location' || field.name === 'drop_location') {\n\t\t\t\t\t\t$.cookie('stm_' + field.name + '_' + stm_site_blog_id, '', { expires: -1, path: '\/' });\n\t\t\t\t\t\t$.cookie('stm_car_watched', '', { expires: -1, path: '\/' });\n\t\t\t\t\t\treturn\n\t\t\t\t\t} else {\n\t\t\t\t\t\tlet _field = $('input[name=\"' + field.name + '\"]')\n\t\t\t\t\t\t_field.val('');\n\t\t\t\t\t\t_field.attr('data-dt-hide', '');\n\t\t\t\t\t}\n\n\t\t\t\t\t$.cookie('stm_' + field.name + '_' + stm_site_blog_id, '', { expires: -1, path: '\/' });\n\t\t\t\t\t$.cookie('stm_car_watched', '', { expires: -1, path: '\/' });\n\t\t\t\t});\n\n\t\t\t\t$(this).hide();\n\n\t\t\t\treturn false;\n\t\t\t});\n\n\t\t\t\/*Set cookie with order data*\/\n\t\t\tform.on('submit', function (e) {\n\t\t\t\tvar error = false;\n\n\t\t\t\t$('.stm_pickup_location').removeClass('stm_error');\n\t\t\t\t$('.stm_date_time_input input').removeClass('stm_error');\n\n\t\t\t\tconst pickupDateValue = $('input[name=\"pickup_date\"]').val();\n\t\t\t\tconst returnDateValue = $('input[name=\"return_date\"]').val();\n\n\t\t\t\tconst convertedPickupDate = moment(pickupDateValue).format('MM DD, YYYY HH:mm')\n\t\t\t\tconst convertedReturnDate = moment(returnDateValue).format('MM DD, YYYY HH:mm')\n\n\t\t\t\t\/*Save in cookies all fields*\/\n\t\t\t\tif($.cookie('stm_pickup_date_' + stm_site_blog_id) != null) {\n\t\t\t\t\t$.cookie('stm_pickup_date_old_' + stm_site_blog_id, $.cookie('stm_pickup_date_' + stm_site_blog_id), {expires: expiresTime, path: '\/'});\n\t\t\t\t\t$.cookie('stm_return_date_old_' + stm_site_blog_id, $.cookie('stm_return_date_' + stm_site_blog_id), {expires: expiresTime, path: '\/'});\n\t\t\t\t}\n\n\t\t\t\t$.each($(this).serializeArray(), function (i, field) {\n\t\t\t\t\t$.cookie('stm_' + field.name + '_' + stm_site_blog_id, encodeURIComponent(field.value), {expires: expiresTime, path: '\/'});\n\n\t\t\t\t\tif (field.name == 'pickup_date' || field.name == 'return_date') {\n\t\t\t\t\t\tif (typeof $('input[name=\"' + field.name + '\"]').attr('data-dt-hide') == 'undefined' || $('input[name=\"' + field.name + '\"]').attr('data-dt-hide') == '') {\n\t\t\t\t\t\t\t$('input[name=\"' + field.name + '\"]').addClass('stm_error');\n\t\t\t\t\t\t\terror = true;\n\t\t\t\t\t\t} else {\n\t\t\t\t\t\t\t$('input[name=\"' + field.name + '\"]').removeClass('stm_error');\n\t\t\t\t\t\t}\n\n\t\t\t\t\t\t$.cookie('stm_calc_' + field.name + '_' + stm_site_blog_id, (typeof $('input[name=\"' + field.name + '\"]').attr('data-dt-hide') != 'undefined') ? $('input[name=\"' + field.name + '\"]').attr('data-dt-hide') : '', {expires: expiresTime, path: '\/'});\n\t\t\t\t\t}\n\t\t\t\t});\n\n\t\t\t\tif(!$('input[name=\"return_same\"]').prop('checked')) {\n\t\t\t\t\t$.cookie('stm_return_same_' + stm_site_blog_id, \"off\", {expires: expiresTime, path: '\/'});\n\t\t\t\t}\n\n\t\t\t\tvar stm_pickup_location = $('.stm_pickup_location select').val();\n\t\t\t\tvar return_same = $('input[name=\"return_same\"]').prop('checked');\n\t\t\t\tvar stm_drop_location = $('.stm_drop_location select').val();\n\n\t\t\t\tif (stm_pickup_location == '') {\n\t\t\t\t\t$('.stm_pickup_location:not(\".stm_drop_location\")').addClass('stm_error');\n\t\t\t\t\terror = true;\n\t\t\t\t}\n\n\t\t\t\tif (!return_same && stm_drop_location == '') {\n\t\t\t\t\t$('.stm_drop_location').addClass('stm_error');\n\t\t\t\t\terror = true;\n\t\t\t\t}\n\n\t\t\t\tif (error) {\n\t\t\t\t\te.preventDefault();\n\t\t\t\t}\n\t\t\t});\n\n\t\t\tif ($.cookie('stm_pickup_date_' + stm_site_blog_id) === null || $.cookie('stm_pickup_date_' + stm_site_blog_id) === undefined ) {\n\t\t\t\tjQuery.ajax({\n\t\t\t\t\turl: ajaxurl,\n\t\t\t\t\ttype: \"GET\",\n\t\t\t\t\tdataType: 'json',\n\t\t\t\t\tcontext: this,\n\t\t\t\t\tdata: 'action=stm_ajax_clear_data&security=' + stm_security_nonce,\n\t\t\t\t\tsuccess: function (data) {}\n\t\t\t\t});\n\t\t\t}\n\n\n\t\t\t$('.stm-template-car_rental .stm_rent_order_info .image.image-placeholder a').on('click', function(e){\n\t\t\t\tvar $stmThis = $('.stm_rent_car_form form');\n\t\t\t\t$stmThis.trigger('submit');\n\t\t\t\te.preventDefault();\n\t\t\t});\n\n\t\t\t$('body').on('click touchstart', '.stm-rental-overlay', function(e) {\n\t\t\t\t$('.stm-date-timepicker-start').trigger('blur');\n\t\t\t\t$('.stm-date-timepicker-end').trigger('blur');\n\t\t\t\t$('.xdsoft_datetimepicker').hide();\n\t\t\t\t$('body').removeClass('stm_background_overlay');\n\t\t\t});\n\n\t\t});\n\n\t})(jQuery);\n\n\tfunction checkDate ($start, $end) {\n\n\t\tvar locationId = jQuery('select[name=\"pickup_location\"]').select2(\"val\");\n\t\tvar stm_timeout_rental;\n\t\tif(locationId != '') {\n\t\t\tjQuery.ajax({\n\t\t\t\turl: ajaxurl,\n\t\t\t\ttype: \"GET\",\n\t\t\t\tdataType: 'json',\n\t\t\t\tcontext: this,\n\t\t\t\tdata: 'startDate=' + $start + '&endDate=' + $end + '&action=stm_ajax_check_is_available_car_date&security=' + stm_security_nonce,\n\t\t\t\tsuccess: function (data) {\n\t\t\t\t\tjQuery(\"#select-vehicle-popup\").attr(\"href\", jQuery(\"#select-vehicle-popup\").attr('href').split(\"?\")[0] + \"?pickup_location=\" + locationId);\n\t\t\t\t\tif (data != '') {\n\t\t\t\t\t\tclearTimeout(stm_timeout_rental);\n\t\t\t\t\t\tjQuery('.choose-another-class').addClass('single-add-to-compare-visible');\n\t\t\t\t\t\tjQuery(\".choose-another-class\").addClass('car-reserved');\n\t\t\t\t\t\tjQuery(\".choose-another-class\").find(\".stm-title.h5\").html(data);\n\t\t\t\t\t\tstm_timeout_rental = setTimeout(function () {\n\t\t\t\t\t\t\tjQuery('.choose-another-class').removeClass('single-add-to-compare-visible').removeClass('car-reserved');\n\t\t\t\t\t\t}, 10000);\n\t\t\t\t\t}\n\t\t\t\t}\n\t\t\t});\n\t\t}\n\t}\n<\/script>\n\t\t\t\t<\/div>\n\t\t\t\t<\/div>\n\t\t\t\t\t<\/div>\n\t\t<\/div>\n\t\t\t\t<div class=\"elementor-column elementor-col-50 elementor-top-column elementor-element elementor-element-55f15d3\" data-id=\"55f15d3\" data-element_type=\"column\" data-e-type=\"column\">\n\t\t\t<div class=\"elementor-widget-wrap elementor-element-populated\">\n\t\t\t\t\t\t<div class=\"elementor-element elementor-element-f00307c elementor-widget elementor-widget-motors-rental-reservation-info\" data-id=\"f00307c\" data-element_type=\"widget\" data-e-type=\"widget\" data-widget_type=\"motors-rental-reservation-info.default\">\n\t\t\t\t<div class=\"elementor-widget-container\">\n\t\t\t\t\t<div>\n\t\n<div class=\"stm_rent_order_info\">\n\t\n<div class=\"title\">\n\t<h4>Coche<\/h4>\n\t<div class=\"subtitle heading-font\">Seleccione su veh\u00edculo <\/div>\n<\/div>\n<div class=\"image image-placeholder\">\n\t<a href=\"https:\/\/benssoucar.agency\/es\/reservation\/\">\n\t\t<div class=\"placeholder\">\n\t\t\t<span class=\"plus\"><\/span>\n\t\t\t<i class=\"stm-icon-car-relic\"><\/i>\n\t\t<\/div>\n\t\t<div class=\"clearfix\"><\/div>\n\t\t<span class=\"button\">\n\t\t\tEncontrar un veh\u00edculo\t\t\t<i class=\"fas fa-arrow-right\"><\/i>\n\t\t<\/span>\n\t<\/a>\n<\/div>\n\n<!--Car rent-->\n<div class=\"stm_rent_table\">\n\t<div class=\"heading heading-font\"><h4>Tipo<\/h4><\/div>\n\t<table>\n\n\t\t<tbody>\n\t\t\t<tr>\n\t\t\t\t<td colspan=\"3\" class=\"divider\"><\/td>\n\t\t\t<\/tr>\n\t\t\t<tr>\n\t\t\t\t<td>--<\/td>\n\t\t\t\t<td>--<\/td>\n\t\t\t\t<td>--<\/td>\n\t\t\t<\/tr>\n\t\t\t<tr>\n\t\t\t\t<td colspan=\"3\" class=\"divider\"><\/td>\n\t\t\t<\/tr>\n\t\t<\/tbody>\n\t<\/table>\n<\/div>\n\n<!--Add-ons-->\n\n<div class=\"stm_rent_table\">\n\t<div class=\"heading heading-font\"><h4>Extras<\/h4><\/div>\n\t<table>\n\t\t\t\t\t<tbody>\n\t\t\t\t<tr>\n\t\t\t\t\t<td colspan=\"3\" class=\"divider\"><\/td>\n\t\t\t\t<\/tr>\n\t\t\t\t<tr>\n\t\t\t\t\t<td>--<\/td>\n\t\t\t\t\t<td>--<\/td>\n\t\t\t\t\t<td>--<\/td>\n\t\t\t\t<\/tr>\n\t\t\t\t<tr>\n\t\t\t\t\t<td colspan=\"3\" class=\"divider\"><\/td>\n\t\t\t\t<\/tr>\n\t\t\t<\/tbody>\n\t\t\t<\/table>\n\n<\/div>\n\n<div class=\"stm-rent-total heading-font\">\n\t<table>\n\t\t<tr>\n\t\t\t<td>Total estimado<\/td>\n\t\t\t<td>--<\/td>\n\t\t<\/tr>\n\t<\/table>\n<\/div>\n<\/div>\n<\/div>\n\t\t\t\t<\/div>\n\t\t\t\t<\/div>\n\t\t\t\t\t<\/div>\n\t\t<\/div>\n\t\t\t\t\t<\/div>\n\t\t<\/section>\n\t\t\t\t<\/div>\n\t\t\n    <div class=\"xs_social_share_widget xs_share_url after_content \t\tmain_content  wslu-style-1 wslu-share-box-shaped wslu-fill-colored wslu-none wslu-share-horizontal wslu-theme-font-no wslu-main_content\">\n\n\t\t\n        <ul>\n\t\t\t        <\/ul>\n    <\/div> \n","protected":false},"excerpt":{"rendered":"<p>R\u00e9servation 1 Votre itin\u00e9raire Ramasser &#8212; &#8212; D\u00e9poser &#8212; &#8212; 2 S\u00e9lectionnez V\u00e9hicule \/ Add-ons Type &#8212; Addons &#8212; 3 R\u00e9servez votre v\u00e9hicule Vos informations Ouaaziz taoufik Informations de paiement &#8212; Location Voiture Ouarzazate \u2013 Date R\u00e9servation Facile | BENSSOU CAR RESERVE YOUR VEHICLE Pick Up Place to pick up the Car* Choose office BENSSOU&#8230;<\/p>","protected":false},"author":4,"featured_media":0,"parent":0,"menu_order":0,"comment_status":"closed","ping_status":"closed","template":"","meta":{"postBodyCss":"","postBodyMargin":[],"postBodyPadding":[],"postBodyBackground":{"backgroundType":"classic","gradient":""},"footnotes":""},"class_list":["post-210","page","type-page","status-publish","hentry"],"_hostinger_reach_plugin_has_subscription_block":false,"_hostinger_reach_plugin_is_elementor":false,"_links":{"self":[{"href":"https:\/\/benssoucar.agency\/es\/wp-json\/wp\/v2\/pages\/210","targetHints":{"allow":["GET"]}}],"collection":[{"href":"https:\/\/benssoucar.agency\/es\/wp-json\/wp\/v2\/pages"}],"about":[{"href":"https:\/\/benssoucar.agency\/es\/wp-json\/wp\/v2\/types\/page"}],"author":[{"embeddable":true,"href":"https:\/\/benssoucar.agency\/es\/wp-json\/wp\/v2\/users\/4"}],"replies":[{"embeddable":true,"href":"https:\/\/benssoucar.agency\/es\/wp-json\/wp\/v2\/comments?post=210"}],"version-history":[{"count":11,"href":"https:\/\/benssoucar.agency\/es\/wp-json\/wp\/v2\/pages\/210\/revisions"}],"predecessor-version":[{"id":1409,"href":"https:\/\/benssoucar.agency\/es\/wp-json\/wp\/v2\/pages\/210\/revisions\/1409"}],"wp:attachment":[{"href":"https:\/\/benssoucar.agency\/es\/wp-json\/wp\/v2\/media?parent=210"}],"curies":[{"name":"wp","href":"https:\/\/api.w.org\/{rel}","templated":true}]}}